{"id":4437,"date":"2020-02-10T19:53:07","date_gmt":"2020-02-10T18:53:07","guid":{"rendered":"http:\/\/www.solidarsport.fr\/?page_id=4437"},"modified":"2020-02-10T20:00:30","modified_gmt":"2020-02-10T19:00:30","slug":"anices","status":"publish","type":"page","link":"https:\/\/www.solidarsport.fr\/index.php\/anices\/","title":{"rendered":"ANICES"},"content":{"rendered":"\t\t<div data-elementor-type=\"wp-page\" data-elementor-id=\"4437\" class=\"elementor elementor-4437\">\n\t\t\t\t\t\t<section class=\"elementor-section elementor-top-section elementor-element elementor-element-d68f282 elementor-section-boxed elementor-section-height-default elementor-section-height-default\" data-id=\"d68f282\" data-element_type=\"section\" data-e-type=\"section\">\n\t\t\t\t\t\t<div class=\"elementor-container elementor-column-gap-default\">\n\t\t\t\t\t<div class=\"elementor-column elementor-col-50 elementor-top-column elementor-element elementor-element-18562c9\" data-id=\"18562c9\" data-element_type=\"column\" data-e-type=\"column\">\n\t\t\t<div class=\"elementor-widget-wrap elementor-element-populated\">\n\t\t\t\t\t\t<div class=\"elementor-element elementor-element-a27384d elementor-widget elementor-widget-image\" data-id=\"a27384d\" data-element_type=\"widget\" data-e-type=\"widget\" data-widget_type=\"image.default\">\n\t\t\t\t<div class=\"elementor-widget-container\">\n\t\t\t\t\t\t\t\t\t\t\t\t\t\t\t<img fetchpriority=\"high\" decoding=\"async\" width=\"768\" height=\"757\" src=\"https:\/\/www.solidarsport.fr\/wp-content\/uploads\/2020\/02\/logoAnices-768x757.png\" class=\"attachment-medium_large size-medium_large wp-image-4439\" alt=\"\" srcset=\"https:\/\/www.solidarsport.fr\/wp-content\/uploads\/2020\/02\/logoAnices-768x757.png 768w, https:\/\/www.solidarsport.fr\/wp-content\/uploads\/2020\/02\/logoAnices-300x296.png 300w, https:\/\/www.solidarsport.fr\/wp-content\/uploads\/2020\/02\/logoAnices.png 872w\" sizes=\"(max-width: 768px) 100vw, 768px\" \/>\t\t\t\t\t\t\t\t\t\t\t\t\t\t\t<\/div>\n\t\t\t\t<\/div>\n\t\t\t\t\t<\/div>\n\t\t<\/div>\n\t\t\t\t<div class=\"elementor-column elementor-col-50 elementor-top-column elementor-element elementor-element-6d742aa\" data-id=\"6d742aa\" data-element_type=\"column\" data-e-type=\"column\">\n\t\t\t<div class=\"elementor-widget-wrap elementor-element-populated\">\n\t\t\t\t\t\t<section class=\"elementor-section elementor-inner-section elementor-element elementor-element-8bd6319 elementor-section-boxed elementor-section-height-default elementor-section-height-default\" data-id=\"8bd6319\" data-element_type=\"section\" data-e-type=\"section\">\n\t\t\t\t\t\t<div class=\"elementor-container elementor-column-gap-default\">\n\t\t\t\t\t<div class=\"elementor-column elementor-col-50 elementor-inner-column elementor-element elementor-element-a1dd95d\" data-id=\"a1dd95d\" data-element_type=\"column\" data-e-type=\"column\">\n\t\t\t<div class=\"elementor-widget-wrap elementor-element-populated\">\n\t\t\t\t\t\t<div class=\"elementor-element elementor-element-72c2df6 elementor-widget elementor-widget-image\" data-id=\"72c2df6\" data-element_type=\"widget\" data-e-type=\"widget\" data-widget_type=\"image.default\">\n\t\t\t\t<div class=\"elementor-widget-container\">\n\t\t\t\t\t\t\t\t\t\t\t\t\t\t\t<img decoding=\"async\" width=\"300\" height=\"300\" src=\"https:\/\/www.solidarsport.fr\/wp-content\/uploads\/2019\/12\/LogoSolidarsport.jpg\" class=\"attachment-medium size-medium wp-image-3956\" alt=\"\" srcset=\"https:\/\/www.solidarsport.fr\/wp-content\/uploads\/2019\/12\/LogoSolidarsport.jpg 300w, https:\/\/www.solidarsport.fr\/wp-content\/uploads\/2019\/12\/LogoSolidarsport-150x150.jpg 150w\" sizes=\"(max-width: 300px) 100vw, 300px\" \/>\t\t\t\t\t\t\t\t\t\t\t\t\t\t\t<\/div>\n\t\t\t\t<\/div>\n\t\t\t\t\t<\/div>\n\t\t<\/div>\n\t\t\t\t<div class=\"elementor-column elementor-col-50 elementor-inner-column elementor-element elementor-element-e153b76\" data-id=\"e153b76\" data-element_type=\"column\" data-e-type=\"column\">\n\t\t\t<div class=\"elementor-widget-wrap elementor-element-populated\">\n\t\t\t\t\t\t<div class=\"elementor-element elementor-element-a2a3acf elementor-widget elementor-widget-heading\" data-id=\"a2a3acf\" data-element_type=\"widget\" data-e-type=\"widget\" data-widget_type=\"heading.default\">\n\t\t\t\t<div class=\"elementor-widget-container\">\n\t\t\t\t\t<h2 class=\"elementor-heading-title elementor-size-default\">Partenaire\nressource<\/h2>\t\t\t\t<\/div>\n\t\t\t\t<\/div>\n\t\t\t\t\t<\/div>\n\t\t<\/div>\n\t\t\t\t\t<\/div>\n\t\t<\/section>\n\t\t\t\t<div class=\"elementor-element elementor-element-d0eef7d elementor-widget-divider--view-line_text elementor-widget-divider--element-align-center elementor-widget elementor-widget-divider\" data-id=\"d0eef7d\" data-element_type=\"widget\" data-e-type=\"widget\" data-widget_type=\"divider.default\">\n\t\t\t\t<div class=\"elementor-widget-container\">\n\t\t\t\t\t\t\t<div class=\"elementor-divider\">\n\t\t\t<span class=\"elementor-divider-separator\">\n\t\t\t\t\t\t\t<span class=\"elementor-divider__text elementor-divider__element\">\n\t\t\t\tANICES\t\t\t\t<\/span>\n\t\t\t\t\t\t<\/span>\n\t\t<\/div>\n\t\t\t\t\t\t<\/div>\n\t\t\t\t<\/div>\n\t\t\t\t<section class=\"elementor-section elementor-inner-section elementor-element elementor-element-cb3f0ba elementor-section-boxed elementor-section-height-default elementor-section-height-default\" data-id=\"cb3f0ba\" data-element_type=\"section\" data-e-type=\"section\">\n\t\t\t\t\t\t<div class=\"elementor-container elementor-column-gap-default\">\n\t\t\t\t\t<div class=\"elementor-column elementor-col-100 elementor-inner-column elementor-element elementor-element-b04be88\" data-id=\"b04be88\" data-element_type=\"column\" data-e-type=\"column\">\n\t\t\t<div class=\"elementor-widget-wrap elementor-element-populated\">\n\t\t\t\t\t\t<div class=\"elementor-element elementor-element-de2df3e elementor-widget elementor-widget-text-editor\" data-id=\"de2df3e\" data-element_type=\"widget\" data-e-type=\"widget\" data-widget_type=\"text-editor.default\">\n\t\t\t\t<div class=\"elementor-widget-container\">\n\t\t\t\t\t\t\t\t\t<p style=\"text-align: center;\"><strong>CONTACT :<\/strong><\/p><p><strong>Pr\u00e9sident<\/strong> : M. S\u00e9bastien FILIPPINI<br \/><strong>Adresse<\/strong> : 7 rue Xavier de Ma\u00efstre &#8211; 06100 Nice<br \/><strong>Mail<\/strong> : sebastien.filippini@anices.fr<\/p><p style=\"text-align: center;\">www.anices.fr<\/p>\t\t\t\t\t\t\t\t<\/div>\n\t\t\t\t<\/div>\n\t\t\t\t<div class=\"elementor-element elementor-element-6fa497b elementor-shape-rounded elementor-grid-0 e-grid-align-center elementor-widget elementor-widget-social-icons\" data-id=\"6fa497b\" data-element_type=\"widget\" data-e-type=\"widget\" data-widget_type=\"social-icons.default\">\n\t\t\t\t<div class=\"elementor-widget-container\">\n\t\t\t\t\t\t\t<div class=\"elementor-social-icons-wrapper elementor-grid\" role=\"list\">\n\t\t\t\t\t\t\t<span class=\"elementor-grid-item\" role=\"listitem\">\n\t\t\t\t\t<a class=\"elementor-icon elementor-social-icon elementor-social-icon-facebook elementor-repeater-item-ad26fad\" href=\"https:\/\/www.facebook.com\/Anices06\/\" target=\"_blank\">\n\t\t\t\t\t\t<span class=\"elementor-screen-only\">Facebook<\/span>\n\t\t\t\t\t\t<i aria-hidden=\"true\" class=\"fab fa-facebook\"><\/i>\t\t\t\t\t<\/a>\n\t\t\t\t<\/span>\n\t\t\t\t\t\t\t<span class=\"elementor-grid-item\" role=\"listitem\">\n\t\t\t\t\t<a class=\"elementor-icon elementor-social-icon elementor-social-icon-envelope elementor-repeater-item-54772f7\" target=\"_blank\">\n\t\t\t\t\t\t<span class=\"elementor-screen-only\">Envelope<\/span>\n\t\t\t\t\t\t<i aria-hidden=\"true\" class=\"far fa-envelope\"><\/i>\t\t\t\t\t<\/a>\n\t\t\t\t<\/span>\n\t\t\t\t\t<\/div>\n\t\t\t\t\t\t<\/div>\n\t\t\t\t<\/div>\n\t\t\t\t\t<\/div>\n\t\t<\/div>\n\t\t\t\t\t<\/div>\n\t\t<\/section>\n\t\t\t\t\t<\/div>\n\t\t<\/div>\n\t\t\t\t\t<\/div>\n\t\t<\/section>\n\t\t\t\t<section class=\"elementor-section elementor-top-section elementor-element elementor-element-2962294 elementor-section-boxed elementor-section-height-default elementor-section-height-default\" data-id=\"2962294\" data-element_type=\"section\" data-e-type=\"section\">\n\t\t\t\t\t\t<div class=\"elementor-container elementor-column-gap-default\">\n\t\t\t\t\t<div class=\"elementor-column elementor-col-50 elementor-top-column elementor-element elementor-element-cbb74de\" data-id=\"cbb74de\" data-element_type=\"column\" data-e-type=\"column\">\n\t\t\t<div class=\"elementor-widget-wrap elementor-element-populated\">\n\t\t\t\t\t\t<div class=\"elementor-element elementor-element-d935ae9 elementor-widget elementor-widget-image\" data-id=\"d935ae9\" data-element_type=\"widget\" data-e-type=\"widget\" data-widget_type=\"image.default\">\n\t\t\t\t<div class=\"elementor-widget-container\">\n\t\t\t\t\t\t\t\t\t\t\t\t<figure class=\"wp-caption\">\n\t\t\t\t\t\t\t\t\t\t<img decoding=\"async\" width=\"1024\" height=\"891\" src=\"https:\/\/www.solidarsport.fr\/wp-content\/uploads\/2020\/02\/anices1-1024x891.png\" class=\"attachment-large size-large wp-image-4442\" alt=\"\" srcset=\"https:\/\/www.solidarsport.fr\/wp-content\/uploads\/2020\/02\/anices1-1024x891.png 1024w, https:\/\/www.solidarsport.fr\/wp-content\/uploads\/2020\/02\/anices1-300x261.png 300w, https:\/\/www.solidarsport.fr\/wp-content\/uploads\/2020\/02\/anices1-768x668.png 768w, https:\/\/www.solidarsport.fr\/wp-content\/uploads\/2020\/02\/anices1.png 1204w\" sizes=\"(max-width: 1024px) 100vw, 1024px\" \/>\t\t\t\t\t\t\t\t\t\t\t<figcaption class=\"widget-image-caption wp-caption-text\">L\u00e9na Pichot et Bernard Berger sont de toutes les actions Solidarsport.<\/figcaption>\n\t\t\t\t\t\t\t\t\t\t<\/figure>\n\t\t\t\t\t\t\t\t\t<\/div>\n\t\t\t\t<\/div>\n\t\t\t\t<div class=\"elementor-element elementor-element-d9f22fa elementor-widget elementor-widget-image\" data-id=\"d9f22fa\" data-element_type=\"widget\" data-e-type=\"widget\" data-widget_type=\"image.default\">\n\t\t\t\t<div class=\"elementor-widget-container\">\n\t\t\t\t\t\t\t\t\t\t\t\t<figure class=\"wp-caption\">\n\t\t\t\t\t\t\t\t\t\t<img loading=\"lazy\" decoding=\"async\" width=\"1024\" height=\"840\" src=\"https:\/\/www.solidarsport.fr\/wp-content\/uploads\/2020\/02\/anices2-1024x840.png\" class=\"attachment-large size-large wp-image-4443\" alt=\"\" srcset=\"https:\/\/www.solidarsport.fr\/wp-content\/uploads\/2020\/02\/anices2-1024x840.png 1024w, https:\/\/www.solidarsport.fr\/wp-content\/uploads\/2020\/02\/anices2-300x246.png 300w, https:\/\/www.solidarsport.fr\/wp-content\/uploads\/2020\/02\/anices2-768x630.png 768w, https:\/\/www.solidarsport.fr\/wp-content\/uploads\/2020\/02\/anices2.png 1202w\" sizes=\"(max-width: 1024px) 100vw, 1024px\" \/>\t\t\t\t\t\t\t\t\t\t\t<figcaption class=\"widget-image-caption wp-caption-text\">L'\u00e9quipe \"Une\" de Tordball, championne de France.<\/figcaption>\n\t\t\t\t\t\t\t\t\t\t<\/figure>\n\t\t\t\t\t\t\t\t\t<\/div>\n\t\t\t\t<\/div>\n\t\t\t\t\t<\/div>\n\t\t<\/div>\n\t\t\t\t<div class=\"elementor-column elementor-col-50 elementor-top-column elementor-element elementor-element-0a3cf58\" data-id=\"0a3cf58\" data-element_type=\"column\" data-e-type=\"column\">\n\t\t\t<div class=\"elementor-widget-wrap elementor-element-populated\">\n\t\t\t\t\t\t<div class=\"elementor-element elementor-element-414ad45 elementor-widget elementor-widget-heading\" data-id=\"414ad45\" data-element_type=\"widget\" data-e-type=\"widget\" data-widget_type=\"heading.default\">\n\t\t\t\t<div class=\"elementor-widget-container\">\n\t\t\t\t\t<h2 class=\"elementor-heading-title elementor-size-default\">ANICES pour Association Nic\u0327oise d\u2019Initiatives Culturelles Et Sportives<\/h2>\t\t\t\t<\/div>\n\t\t\t\t<\/div>\n\t\t\t\t<div class=\"elementor-element elementor-element-39fb087 elementor-widget elementor-widget-text-editor\" data-id=\"39fb087\" data-element_type=\"widget\" data-e-type=\"widget\" data-widget_type=\"text-editor.default\">\n\t\t\t\t<div class=\"elementor-widget-container\">\n\t\t\t\t\t\t\t\t\t<div class=\"page\" title=\"Page 1\"><div class=\"section\"><div class=\"layoutArea\"><div class=\"column\"><p>Fonde\u0301e en juillet 2007 par Se\u0301bastien Filippini, ANICES a pour but de permettre aux personnes en situation de handicaps de pratiquer des activite\u0301s sportives et culturelles !<\/p><p>ANICES est le premier club handisport en nombre d\u2019adhe\u0301rents sur la ville de Nice et sur le de\u0301partement des Alpes Maritimes, nous comptons dans nos rangs, un sportif de haut niveau, Maxime Montaggioni en Parasnowboard et l\u2019e\u0301quipe Une de Torball est championne de France de Premie\u0300re Division.<\/p><p>Echange, Mixite\u0301 et Partage, sont re\u0301unis dans des activite\u0301s sportives et culturelles pour toutes et tous (personnes en situation de handicap et valides) !<\/p><p>Les activite\u0301s sportives propose\u0301es sont :<\/p><ul><li>Le Torball (sport de ballon sonore pour les personnes de\u0301ficientes visuelles et voyantes)<\/li><li>Le Parasnowboard;<\/li><li>L\u2019Athle\u0301tisme;<\/li><li>Le Ve\u0301lo &#8211; Tandem;<\/li><li>Le Showdown (tennis de table pour personnes de\u0301ficientes visuelles);<\/li><li>La Randonne\u0301e;<\/li><li>Le Fitness &amp; la Natation (en collaboration<\/li><\/ul><p>avec la cellule handicap de la ville de Nice); &#8211; La Section Jeune.<\/p><\/div><\/div><\/div><\/div>\t\t\t\t\t\t\t\t<\/div>\n\t\t\t\t<\/div>\n\t\t\t\t<div class=\"elementor-element elementor-element-1d4388d elementor-widget elementor-widget-image\" data-id=\"1d4388d\" data-element_type=\"widget\" data-e-type=\"widget\" data-widget_type=\"image.default\">\n\t\t\t\t<div class=\"elementor-widget-container\">\n\t\t\t\t\t\t\t\t\t\t\t\t\t\t\t<img loading=\"lazy\" decoding=\"async\" width=\"150\" height=\"150\" src=\"https:\/\/www.solidarsport.fr\/wp-content\/uploads\/2019\/12\/LogoSolidarsport-150x150.jpg\" class=\"attachment-thumbnail size-thumbnail wp-image-3956\" alt=\"\" srcset=\"https:\/\/www.solidarsport.fr\/wp-content\/uploads\/2019\/12\/LogoSolidarsport-150x150.jpg 150w, https:\/\/www.solidarsport.fr\/wp-content\/uploads\/2019\/12\/LogoSolidarsport.jpg 300w\" sizes=\"(max-width: 150px) 100vw, 150px\" \/>\t\t\t\t\t\t\t\t\t\t\t\t\t\t\t<\/div>\n\t\t\t\t<\/div>\n\t\t\t\t\t<\/div>\n\t\t<\/div>\n\t\t\t\t\t<\/div>\n\t\t<\/section>\n\t\t\t\t<section class=\"elementor-section elementor-top-section elementor-element elementor-element-9d37314 elementor-section-boxed elementor-section-height-default elementor-section-height-default\" data-id=\"9d37314\" data-element_type=\"section\" data-e-type=\"section\">\n\t\t\t\t\t\t<div class=\"elementor-container elementor-column-gap-default\">\n\t\t\t\t\t<div class=\"elementor-column elementor-col-25 elementor-top-column elementor-element elementor-element-9bc76a6\" data-id=\"9bc76a6\" data-element_type=\"column\" data-e-type=\"column\">\n\t\t\t<div class=\"elementor-widget-wrap elementor-element-populated\">\n\t\t\t\t\t\t<div class=\"elementor-element elementor-element-ad75669 elementor-widget elementor-widget-image\" data-id=\"ad75669\" data-element_type=\"widget\" data-e-type=\"widget\" data-widget_type=\"image.default\">\n\t\t\t\t<div class=\"elementor-widget-container\">\n\t\t\t\t\t\t\t\t\t\t\t\t\t\t\t<img loading=\"lazy\" decoding=\"async\" width=\"658\" height=\"842\" src=\"https:\/\/www.solidarsport.fr\/wp-content\/uploads\/2020\/02\/anices3.png\" class=\"attachment-large size-large wp-image-4444\" alt=\"\" srcset=\"https:\/\/www.solidarsport.fr\/wp-content\/uploads\/2020\/02\/anices3.png 658w, https:\/\/www.solidarsport.fr\/wp-content\/uploads\/2020\/02\/anices3-234x300.png 234w\" sizes=\"(max-width: 658px) 100vw, 658px\" \/>\t\t\t\t\t\t\t\t\t\t\t\t\t\t\t<\/div>\n\t\t\t\t<\/div>\n\t\t\t\t\t<\/div>\n\t\t<\/div>\n\t\t\t\t<div class=\"elementor-column elementor-col-25 elementor-top-column elementor-element elementor-element-9d43200\" data-id=\"9d43200\" data-element_type=\"column\" data-e-type=\"column\">\n\t\t\t<div class=\"elementor-widget-wrap elementor-element-populated\">\n\t\t\t\t\t\t<div class=\"elementor-element elementor-element-9b857e5 elementor-widget elementor-widget-image\" data-id=\"9b857e5\" data-element_type=\"widget\" data-e-type=\"widget\" data-widget_type=\"image.default\">\n\t\t\t\t<div class=\"elementor-widget-container\">\n\t\t\t\t\t\t\t\t\t\t\t\t\t\t\t<img loading=\"lazy\" decoding=\"async\" width=\"596\" height=\"842\" src=\"https:\/\/www.solidarsport.fr\/wp-content\/uploads\/2020\/02\/anices4.png\" class=\"attachment-large size-large wp-image-4445\" alt=\"\" srcset=\"https:\/\/www.solidarsport.fr\/wp-content\/uploads\/2020\/02\/anices4.png 596w, https:\/\/www.solidarsport.fr\/wp-content\/uploads\/2020\/02\/anices4-212x300.png 212w\" sizes=\"(max-width: 596px) 100vw, 596px\" \/>\t\t\t\t\t\t\t\t\t\t\t\t\t\t\t<\/div>\n\t\t\t\t<\/div>\n\t\t\t\t\t<\/div>\n\t\t<\/div>\n\t\t\t\t<div class=\"elementor-column elementor-col-50 elementor-top-column elementor-element elementor-element-4daec16\" data-id=\"4daec16\" data-element_type=\"column\" data-e-type=\"column\">\n\t\t\t<div class=\"elementor-widget-wrap elementor-element-populated\">\n\t\t\t\t\t\t<div class=\"elementor-element elementor-element-9167178 elementor-widget elementor-widget-image\" data-id=\"9167178\" data-element_type=\"widget\" data-e-type=\"widget\" data-widget_type=\"image.default\">\n\t\t\t\t<div class=\"elementor-widget-container\">\n\t\t\t\t\t\t\t\t\t\t\t\t\t\t\t<img loading=\"lazy\" decoding=\"async\" width=\"1024\" height=\"758\" src=\"https:\/\/www.solidarsport.fr\/wp-content\/uploads\/2020\/02\/anices5-1024x758.png\" class=\"attachment-large size-large wp-image-4446\" alt=\"\" srcset=\"https:\/\/www.solidarsport.fr\/wp-content\/uploads\/2020\/02\/anices5-1024x758.png 1024w, https:\/\/www.solidarsport.fr\/wp-content\/uploads\/2020\/02\/anices5-300x222.png 300w, https:\/\/www.solidarsport.fr\/wp-content\/uploads\/2020\/02\/anices5-768x569.png 768w, https:\/\/www.solidarsport.fr\/wp-content\/uploads\/2020\/02\/anices5.png 1180w\" sizes=\"(max-width: 1024px) 100vw, 1024px\" \/>\t\t\t\t\t\t\t\t\t\t\t\t\t\t\t<\/div>\n\t\t\t\t<\/div>\n\t\t\t\t\t<\/div>\n\t\t<\/div>\n\t\t\t\t\t<\/div>\n\t\t<\/section>\n\t\t\t\t<section class=\"elementor-section elementor-top-section elementor-element elementor-element-1993d0b elementor-section-boxed elementor-section-height-default elementor-section-height-default\" data-id=\"1993d0b\" data-element_type=\"section\" data-e-type=\"section\">\n\t\t\t\t\t\t<div class=\"elementor-container elementor-column-gap-default\">\n\t\t\t\t\t<div class=\"elementor-column elementor-col-100 elementor-top-column elementor-element elementor-element-49a3f8d\" data-id=\"49a3f8d\" data-element_type=\"column\" data-e-type=\"column\">\n\t\t\t<div class=\"elementor-widget-wrap elementor-element-populated\">\n\t\t\t\t\t\t<div class=\"elementor-element elementor-element-52414f3 elementor-widget elementor-widget-heading\" data-id=\"52414f3\" data-element_type=\"widget\" data-e-type=\"widget\" data-widget_type=\"heading.default\">\n\t\t\t\t<div class=\"elementor-widget-container\">\n\t\t\t\t\t<h2 class=\"elementor-heading-title elementor-size-default\">17 adhe\u0300rents en 2007... 182 adhe\u0301rents aujourdhui<\/h2>\t\t\t\t<\/div>\n\t\t\t\t<\/div>\n\t\t\t\t<div class=\"elementor-element elementor-element-1f6dd74 elementor-widget elementor-widget-text-editor\" data-id=\"1f6dd74\" data-element_type=\"widget\" data-e-type=\"widget\" data-widget_type=\"text-editor.default\">\n\t\t\t\t<div class=\"elementor-widget-container\">\n\t\t\t\t\t\t\t\t\t<div class=\"page\" title=\"Page 2\"><div class=\"section\"><div class=\"layoutArea\"><div class=\"column\"><p><strong>ANICES<\/strong> organise un stage de perfectionnement de Parasnowboard, un stage de glisse pour tout type de handicap a\u0300 Auron ainsi qu\u2019un stage de Torball a\u0300 Nice. <br \/><strong>ANICES<\/strong> a e\u0301galement un co\u0302te\u0301 culturel avec des sorties au the\u0301a\u0302tre ainsi qu\u2019un volet solidarite\u0301 en organisant des maraudes vestimentaires que nos be\u0301ne\u0301voles (valides et personnes en situation de handicap) distribuent aux personnes de\u0301munies.<br \/>Apre\u0300s douze anne\u0301es d\u2019existence, l\u2019association ANICES compte en aou\u0302t 2019, 182 adhe\u0301rents, une tre\u0300s belle e\u0301volution car a\u0300 la cre\u0301ation en 2007 celle-ci ne comptait que 17 adhe\u0301rents.<\/p><h3 style=\"text-align: center;\"><strong>Notre soutien a\u0300 Solidarsport<\/strong><\/h3><p style=\"text-align: left;\">Depuis plusieurs anne\u0301es l\u2019Association <strong>A.N.I.C.E.S<\/strong> participe aux journe\u0301es Solidarsport dans les e\u0301coles primaires et colle\u0300ges du de\u0301partement.<br \/>Ces actions ont pour but de sensibiliser les e\u0301le\u0300ves au monde du handicap visuel en les faisant jouer au Torball, ou en leur faisant effectuer un parcours en tandem, les yeux bande\u0301s.<\/p><\/div><\/div><\/div><\/div>\t\t\t\t\t\t\t\t<\/div>\n\t\t\t\t<\/div>\n\t\t\t\t<div class=\"elementor-element elementor-element-7729ea7 elementor-widget elementor-widget-image\" data-id=\"7729ea7\" data-element_type=\"widget\" data-e-type=\"widget\" data-widget_type=\"image.default\">\n\t\t\t\t<div class=\"elementor-widget-container\">\n\t\t\t\t\t\t\t\t\t\t\t\t\t\t\t<img loading=\"lazy\" decoding=\"async\" width=\"1024\" height=\"484\" src=\"https:\/\/www.solidarsport.fr\/wp-content\/uploads\/2020\/02\/anices6-1024x484.png\" class=\"attachment-large size-large wp-image-4447\" alt=\"\" srcset=\"https:\/\/www.solidarsport.fr\/wp-content\/uploads\/2020\/02\/anices6-1024x484.png 1024w, https:\/\/www.solidarsport.fr\/wp-content\/uploads\/2020\/02\/anices6-300x142.png 300w, https:\/\/www.solidarsport.fr\/wp-content\/uploads\/2020\/02\/anices6-768x363.png 768w, https:\/\/www.solidarsport.fr\/wp-content\/uploads\/2020\/02\/anices6-1536x727.png 1536w, https:\/\/www.solidarsport.fr\/wp-content\/uploads\/2020\/02\/anices6.png 1860w\" sizes=\"(max-width: 1024px) 100vw, 1024px\" \/>\t\t\t\t\t\t\t\t\t\t\t\t\t\t\t<\/div>\n\t\t\t\t<\/div>\n\t\t\t\t\t<\/div>\n\t\t<\/div>\n\t\t\t\t\t<\/div>\n\t\t<\/section>\n\t\t\t\t<\/div>\n\t\t","protected":false},"excerpt":{"rendered":"<p>Partenaire ressource ANICES CONTACT : Pr\u00e9sident : M. S\u00e9bastien FILIPPINIAdresse : 7 rue Xavier de Ma\u00efstre &#8211; 06100 NiceMail : sebastien.filippini@anices.fr www.anices.fr Facebook Envelope L\u00e9na Pichot et Bernard Berger sont de toutes les actions Solidarsport. L&rsquo;\u00e9quipe \u00ab\u00a0Une\u00a0\u00bb de Tordball, championne de France. ANICES pour Association Nic\u0327oise d\u2019Initiatives Culturelles Et Sportives Fonde\u0301e en juillet 2007 par [&hellip;]<\/p>\n","protected":false},"author":5,"featured_media":0,"parent":0,"menu_order":0,"comment_status":"closed","ping_status":"closed","template":"","meta":{"ocean_post_layout":"","ocean_both_sidebars_style":"","ocean_both_sidebars_content_width":0,"ocean_both_sidebars_sidebars_width":0,"ocean_sidebar":"0","ocean_second_sidebar":"0","ocean_disable_margins":"enable","ocean_add_body_class":"","ocean_shortcode_before_top_bar":"","ocean_shortcode_after_top_bar":"","ocean_shortcode_before_header":"","ocean_shortcode_after_header":"","ocean_has_shortcode":"","ocean_shortcode_after_title":"","ocean_shortcode_before_footer_widgets":"","ocean_shortcode_after_footer_widgets":"","ocean_shortcode_before_footer_bottom":"","ocean_shortcode_after_footer_bottom":"","ocean_display_top_bar":"default","ocean_display_header":"default","ocean_header_style":"","ocean_center_header_left_menu":"0","ocean_custom_header_template":"0","ocean_custom_logo":0,"ocean_custom_retina_logo":0,"ocean_custom_logo_max_width":0,"ocean_custom_logo_tablet_max_width":0,"ocean_custom_logo_mobile_max_width":0,"ocean_custom_logo_max_height":0,"ocean_custom_logo_tablet_max_height":0,"ocean_custom_logo_mobile_max_height":0,"ocean_header_custom_menu":"0","ocean_menu_typo_font_family":"0","ocean_menu_typo_font_subset":"","ocean_menu_typo_font_size":0,"ocean_menu_typo_font_size_tablet":0,"ocean_menu_typo_font_size_mobile":0,"ocean_menu_typo_font_size_unit":"px","ocean_menu_typo_font_weight":"","ocean_menu_typo_font_weight_tablet":"","ocean_menu_typo_font_weight_mobile":"","ocean_menu_typo_transform":"","ocean_menu_typo_transform_tablet":"","ocean_menu_typo_transform_mobile":"","ocean_menu_typo_line_height":0,"ocean_menu_typo_line_height_tablet":0,"ocean_menu_typo_line_height_mobile":0,"ocean_menu_typo_line_height_unit":"","ocean_menu_typo_spacing":0,"ocean_menu_typo_spacing_tablet":0,"ocean_menu_typo_spacing_mobile":0,"ocean_menu_typo_spacing_unit":"","ocean_menu_link_color":"","ocean_menu_link_color_hover":"","ocean_menu_link_color_active":"","ocean_menu_link_background":"","ocean_menu_link_hover_background":"","ocean_menu_link_active_background":"","ocean_menu_social_links_bg":"","ocean_menu_social_hover_links_bg":"","ocean_menu_social_links_color":"","ocean_menu_social_hover_links_color":"","ocean_disable_title":"default","ocean_disable_heading":"default","ocean_post_title":"","ocean_post_subheading":"","ocean_post_title_style":"","ocean_post_title_background_color":"","ocean_post_title_background":0,"ocean_post_title_bg_image_position":"","ocean_post_title_bg_image_attachment":"","ocean_post_title_bg_image_repeat":"","ocean_post_title_bg_image_size":"","ocean_post_title_height":0,"ocean_post_title_bg_overlay":0.5,"ocean_post_title_bg_overlay_color":"","ocean_disable_breadcrumbs":"default","ocean_breadcrumbs_color":"","ocean_breadcrumbs_separator_color":"","ocean_breadcrumbs_links_color":"","ocean_breadcrumbs_links_hover_color":"","ocean_display_footer_widgets":"default","ocean_display_footer_bottom":"default","ocean_custom_footer_template":"0","ofc_enable_fullscreen":"disable","ofc_fullscreen_speed":0,"ofc_fullscreen_nav":"enable","ofc_fullscreen_nav_pos":"right","ofc_fullscreen_nav_color":"","ofc_fullscreen_nav_tooltip_color":"","ofc_fullscreen_responsive":0,"osh_disable_topbar_sticky":"default","osh_disable_header_sticky":"default","osh_sticky_header_style":"default","osh_sticky_header_effect":"","osh_custom_sticky_logo":0,"osh_custom_retina_sticky_logo":0,"osh_custom_sticky_logo_height":0,"osh_background_color":"","osh_links_color":"","osh_links_hover_color":"","osh_links_active_color":"","osh_links_bg_color":"","osh_links_hover_bg_color":"","osh_links_active_bg_color":"","osh_menu_social_links_color":"","osh_menu_social_hover_links_color":"","footnotes":""},"class_list":["post-4437","page","type-page","status-publish","hentry","entry"],"_links":{"self":[{"href":"https:\/\/www.solidarsport.fr\/index.php\/wp-json\/wp\/v2\/pages\/4437","targetHints":{"allow":["GET"]}}],"collection":[{"href":"https:\/\/www.solidarsport.fr\/index.php\/wp-json\/wp\/v2\/pages"}],"about":[{"href":"https:\/\/www.solidarsport.fr\/index.php\/wp-json\/wp\/v2\/types\/page"}],"author":[{"embeddable":true,"href":"https:\/\/www.solidarsport.fr\/index.php\/wp-json\/wp\/v2\/users\/5"}],"replies":[{"embeddable":true,"href":"https:\/\/www.solidarsport.fr\/index.php\/wp-json\/wp\/v2\/comments?post=4437"}],"version-history":[{"count":0,"href":"https:\/\/www.solidarsport.fr\/index.php\/wp-json\/wp\/v2\/pages\/4437\/revisions"}],"wp:attachment":[{"href":"https:\/\/www.solidarsport.fr\/index.php\/wp-json\/wp\/v2\/media?parent=4437"}],"curies":[{"name":"wp","href":"https:\/\/api.w.org\/{rel}","templated":true}]}}