{"id":4378,"date":"2020-02-05T16:43:47","date_gmt":"2020-02-05T15:43:47","guid":{"rendered":"http:\/\/www.solidarsport.fr\/?page_id=4378"},"modified":"2023-07-13T15:17:38","modified_gmt":"2023-07-13T13:17:38","slug":"passeurs","status":"publish","type":"page","link":"https:\/\/www.solidarsport.fr\/index.php\/passeurs\/","title":{"rendered":"Le temps des passeurs"},"content":{"rendered":"\t\t<div data-elementor-type=\"wp-page\" data-elementor-id=\"4378\" class=\"elementor elementor-4378\">\n\t\t\t\t\t\t<section class=\"elementor-section elementor-top-section elementor-element elementor-element-cf9631f elementor-section-boxed elementor-section-height-default elementor-section-height-default\" data-id=\"cf9631f\" data-element_type=\"section\" data-e-type=\"section\" data-settings=\"{&quot;background_background&quot;:&quot;gradient&quot;,&quot;shape_divider_bottom&quot;:&quot;mountains&quot;}\">\n\t\t\t\t\t<div class=\"elementor-shape elementor-shape-bottom\" aria-hidden=\"true\" data-negative=\"false\">\n\t\t\t<svg xmlns=\"http:\/\/www.w3.org\/2000\/svg\" viewBox=\"0 0 1000 100\" preserveAspectRatio=\"none\">\n\t<path class=\"elementor-shape-fill\" opacity=\"0.33\" d=\"M473,67.3c-203.9,88.3-263.1-34-320.3,0C66,119.1,0,59.7,0,59.7V0h1000v59.7 c0,0-62.1,26.1-94.9,29.3c-32.8,3.3-62.8-12.3-75.8-22.1C806,49.6,745.3,8.7,694.9,4.7S492.4,59,473,67.3z\"\/>\n\t<path class=\"elementor-shape-fill\" opacity=\"0.66\" d=\"M734,67.3c-45.5,0-77.2-23.2-129.1-39.1c-28.6-8.7-150.3-10.1-254,39.1 s-91.7-34.4-149.2,0C115.7,118.3,0,39.8,0,39.8V0h1000v36.5c0,0-28.2-18.5-92.1-18.5C810.2,18.1,775.7,67.3,734,67.3z\"\/>\n\t<path class=\"elementor-shape-fill\" d=\"M766.1,28.9c-200-57.5-266,65.5-395.1,19.5C242,1.8,242,5.4,184.8,20.6C128,35.8,132.3,44.9,89.9,52.5C28.6,63.7,0,0,0,0 h1000c0,0-9.9,40.9-83.6,48.1S829.6,47,766.1,28.9z\"\/>\n<\/svg>\t\t<\/div>\n\t\t\t\t\t<div class=\"elementor-container elementor-column-gap-default\">\n\t\t\t\t\t<div class=\"elementor-column elementor-col-100 elementor-top-column elementor-element elementor-element-4631e74\" data-id=\"4631e74\" data-element_type=\"column\" data-e-type=\"column\">\n\t\t\t<div class=\"elementor-widget-wrap elementor-element-populated\">\n\t\t\t\t\t\t<div class=\"elementor-element elementor-element-1d7f5b2 elementor-widget elementor-widget-spacer\" data-id=\"1d7f5b2\" data-element_type=\"widget\" data-e-type=\"widget\" data-widget_type=\"spacer.default\">\n\t\t\t\t<div class=\"elementor-widget-container\">\n\t\t\t\t\t\t\t<div class=\"elementor-spacer\">\n\t\t\t<div class=\"elementor-spacer-inner\"><\/div>\n\t\t<\/div>\n\t\t\t\t\t\t<\/div>\n\t\t\t\t<\/div>\n\t\t\t\t<div class=\"elementor-element elementor-element-135e611 elementor-widget elementor-widget-heading\" data-id=\"135e611\" data-element_type=\"widget\" data-e-type=\"widget\" data-widget_type=\"heading.default\">\n\t\t\t\t<div class=\"elementor-widget-container\">\n\t\t\t\t\t<h2 class=\"elementor-heading-title elementor-size-default\">Les \"Personnes Ressources\"... le temps des \"PASSEURS\"\u200b<\/h2>\t\t\t\t<\/div>\n\t\t\t\t<\/div>\n\t\t\t\t<div class=\"elementor-element elementor-element-7152ad4 elementor-widget elementor-widget-text-editor\" data-id=\"7152ad4\" data-element_type=\"widget\" data-e-type=\"widget\" data-widget_type=\"text-editor.default\">\n\t\t\t\t<div class=\"elementor-widget-container\">\n\t\t\t\t\t\t\t\t\t<p>La raison d&rsquo;exister de Solidarsport est d&rsquo;\u00eatre un \u00ab\u00a0LIEN\u00a0\u00bb entre le plus grand nombre possible d&rsquo;acteurs de notre soci\u00e9t\u00e9 autour des 7 piliers de notre Charte du Respect et d&rsquo;en faire partager l&rsquo;Ethique aux jeunes g\u00e9n\u00e9rations.<\/p><p>Que nous les adultes nous nous positionnions comme des balises, des points de rep\u00e8res pour aider nos enfants \u00e0 construire leur avenir et trouver le chemin d&rsquo;un monde meilleur.<\/p><p>Par l&rsquo;\u00e9mergence d&rsquo;une v\u00e9ritable culture du Respect comme le mode d&#8217;emploi et le moteur du \u00ab\u00a0Vivre Ensemble\u00a0\u00bb.<\/p><p>Etre un \u00a0\u00bb LIEN \u00a0\u00bb entre des adultes qui veulent aider des jeunes \u00e0 b\u00e2tir leur avenir et des jeunes qui veulent devenir des Hommes\u2026\u00a0<\/p><p>C&rsquo;est le d\u00e9fi que s&rsquo;est fix\u00e9 Solidarsport et nous vous en pr\u00e9sentons \u00e0 travers nos \u00ab\u00a0Personnes Ressources\u00a0\u00bb\u2026<\/p><p>Le temps des \u00a0\u00bb PASSEURS \u00a0\u00bb du partage des 7 \u00ab\u00a0piliers\u00a0\u00bb de notre Charte du Respect :<\/p><ul><li>de l&rsquo;autre<\/li><li>de soi<\/li><li>des r\u00e8gles<\/li><li>de l&rsquo;environnement<\/li><li>d&rsquo;une parole<\/li><li>d&rsquo;un engagement<\/li><li>de nos devoirs de citoyen\u2026<\/li><\/ul><p>\u2026 Tout simplement du Respect DE LA VIE\u2026 de cette VIE qui est une interminable COURSE DE RELAIS.<\/p>\t\t\t\t\t\t\t\t<\/div>\n\t\t\t\t<\/div>\n\t\t\t\t<div class=\"elementor-element elementor-element-5bb0536 elementor-widget elementor-widget-spacer\" data-id=\"5bb0536\" data-element_type=\"widget\" data-e-type=\"widget\" data-widget_type=\"spacer.default\">\n\t\t\t\t<div class=\"elementor-widget-container\">\n\t\t\t\t\t\t\t<div class=\"elementor-spacer\">\n\t\t\t<div class=\"elementor-spacer-inner\"><\/div>\n\t\t<\/div>\n\t\t\t\t\t\t<\/div>\n\t\t\t\t<\/div>\n\t\t\t\t<div class=\"elementor-element elementor-element-0f47d2d elementor-widget elementor-widget-spacer\" data-id=\"0f47d2d\" data-element_type=\"widget\" data-e-type=\"widget\" data-widget_type=\"spacer.default\">\n\t\t\t\t<div class=\"elementor-widget-container\">\n\t\t\t\t\t\t\t<div class=\"elementor-spacer\">\n\t\t\t<div class=\"elementor-spacer-inner\"><\/div>\n\t\t<\/div>\n\t\t\t\t\t\t<\/div>\n\t\t\t\t<\/div>\n\t\t\t\t\t<\/div>\n\t\t<\/div>\n\t\t\t\t\t<\/div>\n\t\t<\/section>\n\t\t\t\t<section class=\"elementor-section elementor-top-section elementor-element elementor-element-d3e63d0 elementor-section-boxed elementor-section-height-default elementor-section-height-default\" data-id=\"d3e63d0\" data-element_type=\"section\" data-e-type=\"section\">\n\t\t\t\t\t\t<div class=\"elementor-container elementor-column-gap-default\">\n\t\t\t\t\t<div class=\"elementor-column elementor-col-100 elementor-top-column elementor-element elementor-element-ac74752\" data-id=\"ac74752\" data-element_type=\"column\" data-e-type=\"column\">\n\t\t\t<div class=\"elementor-widget-wrap elementor-element-populated\">\n\t\t\t\t\t\t<div class=\"elementor-element elementor-element-eb88497 elementor-widget elementor-widget-heading\" data-id=\"eb88497\" data-element_type=\"widget\" data-e-type=\"widget\" data-widget_type=\"heading.default\">\n\t\t\t\t<div class=\"elementor-widget-container\">\n\t\t\t\t\t<h1 class=\"elementor-heading-title elementor-size-default\">Ils ont fait parti des passeurs :<\/h1>\t\t\t\t<\/div>\n\t\t\t\t<\/div>\n\t\t\t\t\t<\/div>\n\t\t<\/div>\n\t\t\t\t\t<\/div>\n\t\t<\/section>\n\t\t\t\t<section class=\"elementor-section elementor-top-section elementor-element elementor-element-b4a065b elementor-section-boxed elementor-section-height-default elementor-section-height-default\" data-id=\"b4a065b\" data-element_type=\"section\" data-e-type=\"section\">\n\t\t\t\t\t\t<div class=\"elementor-container elementor-column-gap-default\">\n\t\t\t\t\t<div class=\"elementor-column elementor-col-100 elementor-top-column elementor-element elementor-element-0598f22\" data-id=\"0598f22\" data-element_type=\"column\" data-e-type=\"column\">\n\t\t\t<div class=\"elementor-widget-wrap elementor-element-populated\">\n\t\t\t\t\t\t<div class=\"elementor-element elementor-element-3bf0392 elementor-widget elementor-widget-text-editor\" data-id=\"3bf0392\" data-element_type=\"widget\" data-e-type=\"widget\" data-widget_type=\"text-editor.default\">\n\t\t\t\t<div class=\"elementor-widget-container\">\n\t\t\t\t\t\t\t\t\t<h5>Ils ont \u00e9crit notre belle histoire&#8230;<\/h5>\t\t\t\t\t\t\t\t<\/div>\n\t\t\t\t<\/div>\n\t\t\t\t\t<\/div>\n\t\t<\/div>\n\t\t\t\t\t<\/div>\n\t\t<\/section>\n\t\t\t\t<section class=\"elementor-section elementor-top-section elementor-element elementor-element-a5dff26 elementor-section-boxed elementor-section-height-default elementor-section-height-default\" data-id=\"a5dff26\" data-element_type=\"section\" data-e-type=\"section\">\n\t\t\t\t\t\t<div class=\"elementor-container elementor-column-gap-default\">\n\t\t\t\t\t<div class=\"elementor-column elementor-col-50 elementor-top-column elementor-element elementor-element-eb873ae\" data-id=\"eb873ae\" data-element_type=\"column\" data-e-type=\"column\">\n\t\t\t<div class=\"elementor-widget-wrap elementor-element-populated\">\n\t\t\t\t\t\t<div class=\"elementor-element elementor-element-4da5a9f elementor-widget elementor-widget-text-editor\" data-id=\"4da5a9f\" data-element_type=\"widget\" data-e-type=\"widget\" data-widget_type=\"text-editor.default\">\n\t\t\t\t<div class=\"elementor-widget-container\">\n\t\t\t\t\t\t\t\t\t<ul>\n \t<li><a color=\"red\" href=\"https:\/\/www.solidarsport.fr\/wp-content\/uploads\/2020\/04\/SITE-EQUIPE-2-Copie.pdf\">Nos grands partenaires<\/a><\/li>\n \t<li><a href=\"https:\/\/www.solidarsport.fr\/wp-content\/uploads\/2020\/04\/SITE-EQUIPE-2-B-Copie.pdf\">Les personnalit\u00e9s<\/a><\/li>\n \t<li><a href=\"https:\/\/www.solidarsport.fr\/wp-content\/uploads\/2020\/04\/SITE-EQUIPE-6-ASSOCIATIONS-Copie.pdf\">Les membres \u00ab\u00a0associatifs\u00a0\u00bb<\/a><\/li>\n<\/ul>\t\t\t\t\t\t\t\t<\/div>\n\t\t\t\t<\/div>\n\t\t\t\t\t<\/div>\n\t\t<\/div>\n\t\t\t\t<div class=\"elementor-column elementor-col-50 elementor-top-column elementor-element elementor-element-7af5530\" data-id=\"7af5530\" data-element_type=\"column\" data-e-type=\"column\">\n\t\t\t<div class=\"elementor-widget-wrap elementor-element-populated\">\n\t\t\t\t\t\t<div class=\"elementor-element elementor-element-12cf664 elementor-widget elementor-widget-text-editor\" data-id=\"12cf664\" data-element_type=\"widget\" data-e-type=\"widget\" data-widget_type=\"text-editor.default\">\n\t\t\t\t<div class=\"elementor-widget-container\">\n\t\t\t\t\t\t\t\t\t<ul><li><a href=\"https:\/\/www.solidarsport.fr\/wp-content\/uploads\/2020\/04\/SITE-EQUIPE-2-B-Copie.pdf\">Les membres \u00ab\u00a0Lyc\u00e9e\u00a0\u00bb<\/a><\/li><li><a href=\"https:\/\/www.solidarsport.fr\/wp-content\/uploads\/2020\/04\/SITE-EQUIPE-4-COLLEGES-Copie.pdf\">Les membres \u00ab\u00a0Coll\u00e8ge\u00a0\u00bb<\/a><\/li><li><a href=\"https:\/\/www.solidarsport.fr\/wp-content\/uploads\/2020\/04\/SITE-EQUIPE-5-ECOLES-Copie.pdf\">Les membres \u00ab\u00a0\u00c9cole\u00a0\u00bb<\/a><\/li><\/ul>\t\t\t\t\t\t\t\t<\/div>\n\t\t\t\t<\/div>\n\t\t\t\t\t<\/div>\n\t\t<\/div>\n\t\t\t\t\t<\/div>\n\t\t<\/section>\n\t\t\t\t<\/div>\n\t\t","protected":false},"excerpt":{"rendered":"<p>Les \u00ab\u00a0Personnes Ressources\u00a0\u00bb&#8230; le temps des \u00ab\u00a0PASSEURS\u00a0\u00bb\u200b La raison d&rsquo;exister de Solidarsport est d&rsquo;\u00eatre un \u00ab\u00a0LIEN\u00a0\u00bb entre le plus grand nombre possible d&rsquo;acteurs de notre soci\u00e9t\u00e9 autour des 7 piliers de notre Charte du Respect et d&rsquo;en faire partager l&rsquo;Ethique aux jeunes g\u00e9n\u00e9rations. Que nous les adultes nous nous positionnions comme des balises, des points [&hellip;]<\/p>\n","protected":false},"author":5,"featured_media":0,"parent":0,"menu_order":0,"comment_status":"closed","ping_status":"closed","template":"","meta":{"ocean_post_layout":"full-screen","ocean_both_sidebars_style":"","ocean_both_sidebars_content_width":0,"ocean_both_sidebars_sidebars_width":0,"ocean_sidebar":"0","ocean_second_sidebar":"0","ocean_disable_margins":"on","ocean_add_body_class":"","ocean_shortcode_before_top_bar":"","ocean_shortcode_after_top_bar":"","ocean_shortcode_before_header":"","ocean_shortcode_after_header":"","ocean_has_shortcode":"","ocean_shortcode_after_title":"","ocean_shortcode_before_footer_widgets":"","ocean_shortcode_after_footer_widgets":"","ocean_shortcode_before_footer_bottom":"","ocean_shortcode_after_footer_bottom":"","ocean_display_top_bar":"off","ocean_display_header":"default","ocean_header_style":"minimal","ocean_center_header_left_menu":"0","ocean_custom_header_template":"0","ocean_custom_logo":0,"ocean_custom_retina_logo":0,"ocean_custom_logo_max_width":0,"ocean_custom_logo_tablet_max_width":0,"ocean_custom_logo_mobile_max_width":0,"ocean_custom_logo_max_height":0,"ocean_custom_logo_tablet_max_height":0,"ocean_custom_logo_mobile_max_height":0,"ocean_header_custom_menu":"0","ocean_menu_typo_font_family":"0","ocean_menu_typo_font_subset":"","ocean_menu_typo_font_size":0,"ocean_menu_typo_font_size_tablet":0,"ocean_menu_typo_font_size_mobile":0,"ocean_menu_typo_font_size_unit":"px","ocean_menu_typo_font_weight":"","ocean_menu_typo_font_weight_tablet":"","ocean_menu_typo_font_weight_mobile":"","ocean_menu_typo_transform":"","ocean_menu_typo_transform_tablet":"","ocean_menu_typo_transform_mobile":"","ocean_menu_typo_line_height":0,"ocean_menu_typo_line_height_tablet":0,"ocean_menu_typo_line_height_mobile":0,"ocean_menu_typo_line_height_unit":"","ocean_menu_typo_spacing":0,"ocean_menu_typo_spacing_tablet":0,"ocean_menu_typo_spacing_mobile":0,"ocean_menu_typo_spacing_unit":"","ocean_menu_link_color":"","ocean_menu_link_color_hover":"","ocean_menu_link_color_active":"","ocean_menu_link_background":"","ocean_menu_link_hover_background":"","ocean_menu_link_active_background":"","ocean_menu_social_links_bg":"","ocean_menu_social_hover_links_bg":"","ocean_menu_social_links_color":"","ocean_menu_social_hover_links_color":"","ocean_disable_title":"on","ocean_disable_heading":"default","ocean_post_title":"","ocean_post_subheading":"","ocean_post_title_style":"","ocean_post_title_background_color":"","ocean_post_title_background":0,"ocean_post_title_bg_image_position":"","ocean_post_title_bg_image_attachment":"","ocean_post_title_bg_image_repeat":"","ocean_post_title_bg_image_size":"","ocean_post_title_height":0,"ocean_post_title_bg_overlay":0.5,"ocean_post_title_bg_overlay_color":"","ocean_disable_breadcrumbs":"default","ocean_breadcrumbs_color":"","ocean_breadcrumbs_separator_color":"","ocean_breadcrumbs_links_color":"","ocean_breadcrumbs_links_hover_color":"","ocean_display_footer_widgets":"default","ocean_display_footer_bottom":"default","ocean_custom_footer_template":"0","ofc_enable_fullscreen":"disable","ofc_fullscreen_speed":0,"ofc_fullscreen_nav":"enable","ofc_fullscreen_nav_pos":"right","ofc_fullscreen_nav_color":"","ofc_fullscreen_nav_tooltip_color":"","ofc_fullscreen_responsive":0,"osh_disable_topbar_sticky":"default","osh_disable_header_sticky":"default","osh_sticky_header_style":"default","osh_sticky_header_effect":"","osh_custom_sticky_logo":0,"osh_custom_retina_sticky_logo":0,"osh_custom_sticky_logo_height":0,"osh_background_color":"","osh_links_color":"","osh_links_hover_color":"","osh_links_active_color":"","osh_links_bg_color":"","osh_links_hover_bg_color":"","osh_links_active_bg_color":"","osh_menu_social_links_color":"","osh_menu_social_hover_links_color":"","footnotes":""},"class_list":["post-4378","page","type-page","status-publish","hentry","entry"],"_links":{"self":[{"href":"https:\/\/www.solidarsport.fr\/index.php\/wp-json\/wp\/v2\/pages\/4378","targetHints":{"allow":["GET"]}}],"collection":[{"href":"https:\/\/www.solidarsport.fr\/index.php\/wp-json\/wp\/v2\/pages"}],"about":[{"href":"https:\/\/www.solidarsport.fr\/index.php\/wp-json\/wp\/v2\/types\/page"}],"author":[{"embeddable":true,"href":"https:\/\/www.solidarsport.fr\/index.php\/wp-json\/wp\/v2\/users\/5"}],"replies":[{"embeddable":true,"href":"https:\/\/www.solidarsport.fr\/index.php\/wp-json\/wp\/v2\/comments?post=4378"}],"version-history":[{"count":0,"href":"https:\/\/www.solidarsport.fr\/index.php\/wp-json\/wp\/v2\/pages\/4378\/revisions"}],"wp:attachment":[{"href":"https:\/\/www.solidarsport.fr\/index.php\/wp-json\/wp\/v2\/media?parent=4378"}],"curies":[{"name":"wp","href":"https:\/\/api.w.org\/{rel}","templated":true}]}}